{"id":220,"date":"2015-02-26T00:23:27","date_gmt":"2015-02-25T22:23:27","guid":{"rendered":"http:\/\/eestec.fi\/?page_id=220"},"modified":"2020-12-13T21:11:44","modified_gmt":"2020-12-13T19:11:44","slug":"contact","status":"publish","type":"page","link":"https:\/\/eestec.fi\/en\/contact\/","title":{"rendered":"Contact"},"content":{"rendered":"<p>Following email lists are not in use as the activities have died down. Please contact one of the <a href=\"mailto:ukko.removeme(\u00e4t)iki(d\u00f6t)fi\">old chairpersons<\/a> if you have any questions. Thank you!<\/p>\n<p>Board:\u00a0eestec-board (\u00e4t) list.ayy.fi<\/p>\n<p>Old boards, active members: eestec-dinos (\u00e4t) list.ayy.fi<\/p>\n<p>Members: eestec-all (\u00e4t) list.ayy.fi<\/p>\n<h2>Current board<\/h2>\n<h4>2015-202x<\/h4>\n<p>No new board elected. Would you like to kickstart the local activities? Please contact us above!<\/p>\n<h4>2014<\/h4>\n<p>Year 2014 former of the board is Juha Suokas.<\/p>\n<p>Old boards and history <a title=\"Vanhat hallitukset\" href=\"http:\/\/eestec.fi\/toiminta\/historia\/vanhat-hallitukset\/\">History &gt; Old boards<\/a>.<\/p>\n","protected":false},"excerpt":{"rendered":"<p>Following email lists are not in use as the activities have died down. Please contact one of the old chairpersons if you have any questions. Thank you! Board:\u00a0eestec-board (\u00e4t) list.ayy.fi Old boards, active members: eestec-dinos (\u00e4t) list.ayy.fi Members: eestec-all (\u00e4t) list.ayy.fi Current board 2015-202x No new board elected. Would you like to kickstart the local activities? Please contact us above! &#8230; <\/p>\n<div><a href=\"https:\/\/eestec.fi\/en\/contact\/\" class=\"more-link\">Read More<\/a><\/div>\n","protected":false},"author":2,"featured_media":0,"parent":0,"menu_order":0,"comment_status":"closed","ping_status":"open","template":"","meta":{"footnotes":""},"class_list":["post-220","page","type-page","status-publish","hentry","no-post-thumbnail"],"_links":{"self":[{"href":"https:\/\/eestec.fi\/en\/wp-json\/wp\/v2\/pages\/220","targetHints":{"allow":["GET"]}}],"collection":[{"href":"https:\/\/eestec.fi\/en\/wp-json\/wp\/v2\/pages"}],"about":[{"href":"https:\/\/eestec.fi\/en\/wp-json\/wp\/v2\/types\/page"}],"author":[{"embeddable":true,"href":"https:\/\/eestec.fi\/en\/wp-json\/wp\/v2\/users\/2"}],"replies":[{"embeddable":true,"href":"https:\/\/eestec.fi\/en\/wp-json\/wp\/v2\/comments?post=220"}],"version-history":[{"count":9,"href":"https:\/\/eestec.fi\/en\/wp-json\/wp\/v2\/pages\/220\/revisions"}],"predecessor-version":[{"id":473,"href":"https:\/\/eestec.fi\/en\/wp-json\/wp\/v2\/pages\/220\/revisions\/473"}],"wp:attachment":[{"href":"https:\/\/eestec.fi\/en\/wp-json\/wp\/v2\/media?parent=220"}],"curies":[{"name":"wp","href":"https:\/\/api.w.org\/{rel}","templated":true}]}}